{"id":1378,"date":"2025-04-27T10:59:24","date_gmt":"2025-04-27T10:59:24","guid":{"rendered":"https:\/\/gig-one.com\/?post_type=product&#038;p=1378"},"modified":"2025-10-29T01:27:39","modified_gmt":"2025-10-29T01:27:39","slug":"clamp-adapter-12-to-15","status":"publish","type":"product","link":"https:\/\/gig-one.com\/fr\/produit\/clamp-adapter-12-to-15\/","title":{"rendered":"Adaptateur pour clamp 30 mm vers 38mm"},"content":{"rendered":"<p class=\"\" data-start=\"125\" data-end=\"155\"><strong data-start=\"125\" data-end=\"153\">Adaptateur Clamp 38 mm \u2013 TPU<\/strong><\/p>\n<p class=\"\" data-start=\"157\" data-end=\"178\"><strong data-start=\"157\" data-end=\"176\">Caract\u00e9ristiques techniques<\/strong><\/p>\n<ul data-start=\"179\" data-end=\"564\">\n<li class=\"\" data-start=\"179\" data-end=\"237\">\n<p class=\"\" data-start=\"181\" data-end=\"237\"><strong data-start=\"181\" data-end=\"194\">Mat\u00e9riau :<\/strong> TPU durable (Polyurethane Thermoplastique)<\/p>\n<\/li>\n<li class=\"\" data-start=\"238\" data-end=\"324\">\n<p class=\"\" data-start=\"240\" data-end=\"324\"><strong data-start=\"240\" data-end=\"258\">Compatibilit\u00e9 :<\/strong> Tubes du Roll-Stand SP1 (poign\u00e9es et bras t\u00e9lescopiques int\u00e9rieurs, 30 mm)<\/p>\n<\/li>\n<li class=\"\" data-start=\"325\" data-end=\"391\">\n<p class=\"\" data-start=\"327\" data-end=\"391\"><strong data-start=\"327\" data-end=\"342\">Taille de clamp :<\/strong> Compatible avec des clamps circulaires standards de 38 mm<\/p>\n<\/li>\n<\/ul>\n\n    <div class=\"xs_social_share_widget xs_share_url after_content \t\tmain_content  wslu-style-1 wslu-share-box-shaped wslu-fill-colored wslu-none wslu-share-horizontal wslu-theme-font-no wslu-main_content\">\n\n\t\t\n        <ul>\n\t\t\t        <\/ul>\n    <\/div>","protected":false},"excerpt":{"rendered":"<p class=\"\" data-start=\"85\" data-end=\"260\"><strong data-start=\"85\" data-end=\"258\">Cet adaptateur permet de monter des clamps circulaires standards (38mm) directement sur les tubes du Roll-Stand SP1, que ce soit sur les poign\u00e9es ou sur les bras t\u00e9lescopiques int\u00e9rieurs.<\/strong><\/p>\n<p class=\"\" data-start=\"262\" data-end=\"395\">Vous pouvez utiliser toute la longueur des tubes pour fixer des accessoires, sans \u00eatre limit\u00e9 aux points de fixation d'origine.<\/p>","protected":false},"featured_media":1385,"comment_status":"open","ping_status":"closed","template":"","meta":{"postBodyCss":"","postBodyMargin":[],"postBodyPadding":[],"postBodyBackground":{"backgroundType":"classic","gradient":""},"ocean_post_layout":"","ocean_both_sidebars_style":"","ocean_both_sidebars_content_width":0,"ocean_both_sidebars_sidebars_width":0,"ocean_sidebar":"","ocean_second_sidebar":"","ocean_disable_margins":"enable","ocean_add_body_class":"","ocean_shortcode_before_top_bar":"","ocean_shortcode_after_top_bar":"","ocean_shortcode_before_header":"","ocean_shortcode_after_header":"","ocean_has_shortcode":"","ocean_shortcode_after_title":"","ocean_shortcode_before_footer_widgets":"","ocean_shortcode_after_footer_widgets":"","ocean_shortcode_before_footer_bottom":"","ocean_shortcode_after_footer_bottom":"","ocean_display_top_bar":"default","ocean_display_header":"default","ocean_header_style":"","ocean_center_header_left_menu":"","ocean_custom_header_template":"","ocean_custom_logo":0,"ocean_custom_retina_logo":0,"ocean_custom_logo_max_width":0,"ocean_custom_logo_tablet_max_width":0,"ocean_custom_logo_mobile_max_width":0,"ocean_custom_logo_max_height":0,"ocean_custom_logo_tablet_max_height":0,"ocean_custom_logo_mobile_max_height":0,"ocean_header_custom_menu":"","ocean_menu_typo_font_family":"","ocean_menu_typo_font_subset":"","ocean_menu_typo_font_size":0,"ocean_menu_typo_font_size_tablet":0,"ocean_menu_typo_font_size_mobile":0,"ocean_menu_typo_font_size_unit":"px","ocean_menu_typo_font_weight":"","ocean_menu_typo_font_weight_tablet":"","ocean_menu_typo_font_weight_mobile":"","ocean_menu_typo_transform":"","ocean_menu_typo_transform_tablet":"","ocean_menu_typo_transform_mobile":"","ocean_menu_typo_line_height":0,"ocean_menu_typo_line_height_tablet":0,"ocean_menu_typo_line_height_mobile":0,"ocean_menu_typo_line_height_unit":"","ocean_menu_typo_spacing":0,"ocean_menu_typo_spacing_tablet":0,"ocean_menu_typo_spacing_mobile":0,"ocean_menu_typo_spacing_unit":"","ocean_menu_link_color":"","ocean_menu_link_color_hover":"","ocean_menu_link_color_active":"","ocean_menu_link_background":"","ocean_menu_link_hover_background":"","ocean_menu_link_active_background":"","ocean_menu_social_links_bg":"","ocean_menu_social_hover_links_bg":"","ocean_menu_social_links_color":"","ocean_menu_social_hover_links_color":"","ocean_disable_title":"default","ocean_disable_heading":"default","ocean_post_title":"","ocean_post_subheading":"","ocean_post_title_style":"","ocean_post_title_background_color":"","ocean_post_title_background":0,"ocean_post_title_bg_image_position":"","ocean_post_title_bg_image_attachment":"","ocean_post_title_bg_image_repeat":"","ocean_post_title_bg_image_size":"","ocean_post_title_height":0,"ocean_post_title_bg_overlay":0.5,"ocean_post_title_bg_overlay_color":"","ocean_disable_breadcrumbs":"default","ocean_breadcrumbs_color":"","ocean_breadcrumbs_separator_color":"","ocean_breadcrumbs_links_color":"","ocean_breadcrumbs_links_hover_color":"","ocean_display_footer_widgets":"default","ocean_display_footer_bottom":"default","ocean_custom_footer_template":""},"product_brand":[],"product_cat":[23],"product_tag":[],"class_list":{"0":"post-1378","1":"product","2":"type-product","3":"status-publish","4":"has-post-thumbnail","6":"product_cat-non-classe","8":"entry","9":"has-media","11":"first","12":"instock","13":"taxable","14":"shipping-taxable","15":"purchasable","16":"product-type-simple","17":"has-product-nav","18":"col","19":"span_1_of_3","20":"owp-content-center","21":"owp-thumbs-layout-horizontal","22":"owp-btn-big","23":"owp-tabs-layout-horizontal"},"yoast_head":"<!-- This site is optimized with the Yoast SEO plugin v27.3 - https:\/\/yoast.com\/product\/yoast-seo-wordpress\/ -->\n<title>Clamp adapter 1,2&quot; to 1,5&quot; - GigOne<\/title>\n<meta name=\"robots\" content=\"index, follow, max-snippet:-1, max-image-preview:large, max-video-preview:-1\" \/>\n<link rel=\"canonical\" href=\"https:\/\/gig-one.com\/fr\/produit\/clamp-adapter-12-to-15\/\" \/>\n<meta property=\"og:locale\" content=\"fr_FR\" \/>\n<meta property=\"og:type\" content=\"article\" \/>\n<meta property=\"og:title\" content=\"Clamp adapter 1,2&quot; to 1,5&quot; - GigOne\" \/>\n<meta property=\"og:description\" content=\"This adapter allows you to mount standard (1.5 inch) circular clamps directly onto the Roll-Stand SP1\u2019s tubes, whether on the handles or the inner telescopic arms. You can make full use of the entire length of the tubes to attach accessories, without being limited to the original mounting points.\" \/>\n<meta property=\"og:url\" content=\"https:\/\/gig-one.com\/fr\/produit\/clamp-adapter-12-to-15\/\" \/>\n<meta property=\"og:site_name\" content=\"GigOne\" \/>\n<meta property=\"article:modified_time\" content=\"2025-10-29T01:27:39+00:00\" \/>\n<meta property=\"og:image\" content=\"https:\/\/gig-one.com\/wp-content\/uploads\/2025\/04\/DSC02929-HDR-1-scaled.jpg\" \/>\n\t<meta property=\"og:image:width\" content=\"2560\" \/>\n\t<meta property=\"og:image:height\" content=\"2213\" \/>\n\t<meta property=\"og:image:type\" content=\"image\/jpeg\" \/>\n<meta name=\"twitter:card\" content=\"summary_large_image\" \/>\n<meta name=\"twitter:label1\" content=\"Dur\u00e9e de lecture estim\u00e9e\" \/>\n\t<meta name=\"twitter:data1\" content=\"1 minute\" \/>\n<script type=\"application\/ld+json\" class=\"yoast-schema-graph\">{\"@context\":\"https:\\\/\\\/schema.org\",\"@graph\":[{\"@type\":\"WebPage\",\"@id\":\"https:\\\/\\\/gig-one.com\\\/produit\\\/clamp-adapter-12-to-15\\\/\",\"url\":\"https:\\\/\\\/gig-one.com\\\/produit\\\/clamp-adapter-12-to-15\\\/\",\"name\":\"Clamp adapter 1,2\\\" to 1,5\\\" - GigOne\",\"isPartOf\":{\"@id\":\"https:\\\/\\\/gig-one.com\\\/#website\"},\"primaryImageOfPage\":{\"@id\":\"https:\\\/\\\/gig-one.com\\\/produit\\\/clamp-adapter-12-to-15\\\/#primaryimage\"},\"image\":{\"@id\":\"https:\\\/\\\/gig-one.com\\\/produit\\\/clamp-adapter-12-to-15\\\/#primaryimage\"},\"thumbnailUrl\":\"https:\\\/\\\/gig-one.com\\\/wp-content\\\/uploads\\\/2025\\\/04\\\/DSC02929-HDR-1-scaled.jpg\",\"datePublished\":\"2025-04-27T10:59:24+00:00\",\"dateModified\":\"2025-10-29T01:27:39+00:00\",\"breadcrumb\":{\"@id\":\"https:\\\/\\\/gig-one.com\\\/produit\\\/clamp-adapter-12-to-15\\\/#breadcrumb\"},\"inLanguage\":\"fr-FR\",\"potentialAction\":[{\"@type\":\"ReadAction\",\"target\":[\"https:\\\/\\\/gig-one.com\\\/produit\\\/clamp-adapter-12-to-15\\\/\"]}]},{\"@type\":\"ImageObject\",\"inLanguage\":\"fr-FR\",\"@id\":\"https:\\\/\\\/gig-one.com\\\/produit\\\/clamp-adapter-12-to-15\\\/#primaryimage\",\"url\":\"https:\\\/\\\/gig-one.com\\\/wp-content\\\/uploads\\\/2025\\\/04\\\/DSC02929-HDR-1-scaled.jpg\",\"contentUrl\":\"https:\\\/\\\/gig-one.com\\\/wp-content\\\/uploads\\\/2025\\\/04\\\/DSC02929-HDR-1-scaled.jpg\",\"width\":2560,\"height\":2213},{\"@type\":\"BreadcrumbList\",\"@id\":\"https:\\\/\\\/gig-one.com\\\/produit\\\/clamp-adapter-12-to-15\\\/#breadcrumb\",\"itemListElement\":[{\"@type\":\"ListItem\",\"position\":1,\"name\":\"Accueil\",\"item\":\"https:\\\/\\\/gig-one.com\\\/\"},{\"@type\":\"ListItem\",\"position\":2,\"name\":\"Boutique\",\"item\":\"https:\\\/\\\/gig-one.com\\\/boutique\\\/\"},{\"@type\":\"ListItem\",\"position\":3,\"name\":\"Clamp adapter 1,2&Prime; to 1,5&Prime;\"}]},{\"@type\":\"WebSite\",\"@id\":\"https:\\\/\\\/gig-one.com\\\/#website\",\"url\":\"https:\\\/\\\/gig-one.com\\\/\",\"name\":\"GigOne\",\"description\":\"The first all-in-one product for musicians\",\"potentialAction\":[{\"@type\":\"SearchAction\",\"target\":{\"@type\":\"EntryPoint\",\"urlTemplate\":\"https:\\\/\\\/gig-one.com\\\/?s={search_term_string}\"},\"query-input\":{\"@type\":\"PropertyValueSpecification\",\"valueRequired\":true,\"valueName\":\"search_term_string\"}}],\"inLanguage\":\"fr-FR\"}]}<\/script>\n<!-- \/ Yoast SEO plugin. -->","yoast_head_json":{"title":"Clamp adapter 1,2\" to 1,5\" - GigOne","robots":{"index":"index","follow":"follow","max-snippet":"max-snippet:-1","max-image-preview":"max-image-preview:large","max-video-preview":"max-video-preview:-1"},"canonical":"https:\/\/gig-one.com\/fr\/produit\/clamp-adapter-12-to-15\/","og_locale":"fr_FR","og_type":"article","og_title":"Clamp adapter 1,2\" to 1,5\" - GigOne","og_description":"This adapter allows you to mount standard (1.5 inch) circular clamps directly onto the Roll-Stand SP1\u2019s tubes, whether on the handles or the inner telescopic arms. You can make full use of the entire length of the tubes to attach accessories, without being limited to the original mounting points.","og_url":"https:\/\/gig-one.com\/fr\/produit\/clamp-adapter-12-to-15\/","og_site_name":"GigOne","article_modified_time":"2025-10-29T01:27:39+00:00","og_image":[{"width":2560,"height":2213,"url":"https:\/\/gig-one.com\/wp-content\/uploads\/2025\/04\/DSC02929-HDR-1-scaled.jpg","type":"image\/jpeg"}],"twitter_card":"summary_large_image","twitter_misc":{"Dur\u00e9e de lecture estim\u00e9e":"1 minute"},"schema":{"@context":"https:\/\/schema.org","@graph":[{"@type":"WebPage","@id":"https:\/\/gig-one.com\/produit\/clamp-adapter-12-to-15\/","url":"https:\/\/gig-one.com\/produit\/clamp-adapter-12-to-15\/","name":"Clamp adapter 1,2\" to 1,5\" - GigOne","isPartOf":{"@id":"https:\/\/gig-one.com\/#website"},"primaryImageOfPage":{"@id":"https:\/\/gig-one.com\/produit\/clamp-adapter-12-to-15\/#primaryimage"},"image":{"@id":"https:\/\/gig-one.com\/produit\/clamp-adapter-12-to-15\/#primaryimage"},"thumbnailUrl":"https:\/\/gig-one.com\/wp-content\/uploads\/2025\/04\/DSC02929-HDR-1-scaled.jpg","datePublished":"2025-04-27T10:59:24+00:00","dateModified":"2025-10-29T01:27:39+00:00","breadcrumb":{"@id":"https:\/\/gig-one.com\/produit\/clamp-adapter-12-to-15\/#breadcrumb"},"inLanguage":"fr-FR","potentialAction":[{"@type":"ReadAction","target":["https:\/\/gig-one.com\/produit\/clamp-adapter-12-to-15\/"]}]},{"@type":"ImageObject","inLanguage":"fr-FR","@id":"https:\/\/gig-one.com\/produit\/clamp-adapter-12-to-15\/#primaryimage","url":"https:\/\/gig-one.com\/wp-content\/uploads\/2025\/04\/DSC02929-HDR-1-scaled.jpg","contentUrl":"https:\/\/gig-one.com\/wp-content\/uploads\/2025\/04\/DSC02929-HDR-1-scaled.jpg","width":2560,"height":2213},{"@type":"BreadcrumbList","@id":"https:\/\/gig-one.com\/produit\/clamp-adapter-12-to-15\/#breadcrumb","itemListElement":[{"@type":"ListItem","position":1,"name":"Accueil","item":"https:\/\/gig-one.com\/"},{"@type":"ListItem","position":2,"name":"Boutique","item":"https:\/\/gig-one.com\/boutique\/"},{"@type":"ListItem","position":3,"name":"Clamp adapter 1,2&Prime; to 1,5&Prime;"}]},{"@type":"WebSite","@id":"https:\/\/gig-one.com\/#website","url":"https:\/\/gig-one.com\/","name":"GigOne","description":"The first all-in-one product for musicians","potentialAction":[{"@type":"SearchAction","target":{"@type":"EntryPoint","urlTemplate":"https:\/\/gig-one.com\/?s={search_term_string}"},"query-input":{"@type":"PropertyValueSpecification","valueRequired":true,"valueName":"search_term_string"}}],"inLanguage":"fr-FR"}]}},"_links":{"self":[{"href":"https:\/\/gig-one.com\/fr\/wp-json\/wp\/v2\/product\/1378","targetHints":{"allow":["GET"]}}],"collection":[{"href":"https:\/\/gig-one.com\/fr\/wp-json\/wp\/v2\/product"}],"about":[{"href":"https:\/\/gig-one.com\/fr\/wp-json\/wp\/v2\/types\/product"}],"replies":[{"embeddable":true,"href":"https:\/\/gig-one.com\/fr\/wp-json\/wp\/v2\/comments?post=1378"}],"version-history":[{"count":2,"href":"https:\/\/gig-one.com\/fr\/wp-json\/wp\/v2\/product\/1378\/revisions"}],"predecessor-version":[{"id":1609,"href":"https:\/\/gig-one.com\/fr\/wp-json\/wp\/v2\/product\/1378\/revisions\/1609"}],"wp:featuredmedia":[{"embeddable":true,"href":"https:\/\/gig-one.com\/fr\/wp-json\/wp\/v2\/media\/1385"}],"wp:attachment":[{"href":"https:\/\/gig-one.com\/fr\/wp-json\/wp\/v2\/media?parent=1378"}],"wp:term":[{"taxonomy":"product_brand","embeddable":true,"href":"https:\/\/gig-one.com\/fr\/wp-json\/wp\/v2\/product_brand?post=1378"},{"taxonomy":"product_cat","embeddable":true,"href":"https:\/\/gig-one.com\/fr\/wp-json\/wp\/v2\/product_cat?post=1378"},{"taxonomy":"product_tag","embeddable":true,"href":"https:\/\/gig-one.com\/fr\/wp-json\/wp\/v2\/product_tag?post=1378"}],"curies":[{"name":"wp","href":"https:\/\/api.w.org\/{rel}","templated":true}]}}