{"id":1185,"date":"2023-03-03T09:33:38","date_gmt":"2023-03-03T09:33:38","guid":{"rendered":"https:\/\/gig-one.com\/?page_id=1185"},"modified":"2026-04-17T14:51:42","modified_gmt":"2026-04-17T14:51:42","slug":"blog","status":"publish","type":"page","link":"https:\/\/gig-one.com\/fr\/blog\/","title":{"rendered":"Blog"},"content":{"rendered":"<div data-elementor-type=\"wp-page\" data-elementor-id=\"1185\" class=\"elementor elementor-1185\">\n\t\t\t\t\t\t<section class=\"elementor-section elementor-top-section elementor-element elementor-element-286f287 elementor-section-boxed elementor-section-height-default elementor-section-height-default\" data-id=\"286f287\" data-element_type=\"section\">\n\t\t\t\t\t\t<div class=\"elementor-container elementor-column-gap-default\">\n\t\t\t\t\t<div class=\"elementor-column elementor-col-100 elementor-top-column elementor-element elementor-element-69ea29a\" data-id=\"69ea29a\" data-element_type=\"column\">\n\t\t\t<div class=\"elementor-widget-wrap elementor-element-populated\">\n\t\t\t\t\t\t<div class=\"elementor-element elementor-element-1d2cd6b elementor-widget elementor-widget-heading\" data-id=\"1d2cd6b\" data-element_type=\"widget\" data-widget_type=\"heading.default\">\n\t\t\t\t<div class=\"elementor-widget-container\">\n\t\t\t\t\t<h1 class=\"elementor-heading-title elementor-size-xl\">Pas de r\u00e9compense sans souffrance... Vraiment ?<\/h1>\t\t\t\t<\/div>\n\t\t\t\t<\/div>\n\t\t\t\t\t<\/div>\n\t\t<\/div>\n\t\t\t\t\t<\/div>\n\t\t<\/section>\n\t\t\t\t<section class=\"elementor-section elementor-top-section elementor-element elementor-element-69252a1 elementor-section-boxed elementor-section-height-default elementor-section-height-default\" data-id=\"69252a1\" data-element_type=\"section\">\n\t\t\t\t\t\t<div class=\"elementor-container elementor-column-gap-default\">\n\t\t\t\t\t<div class=\"elementor-column elementor-col-100 elementor-top-column elementor-element elementor-element-47a8139\" data-id=\"47a8139\" data-element_type=\"column\">\n\t\t\t<div class=\"elementor-widget-wrap elementor-element-populated\">\n\t\t\t\t\t\t<div class=\"elementor-element elementor-element-9354ea5 elementor-widget elementor-widget-elementskit-blog-posts\" data-id=\"9354ea5\" data-element_type=\"widget\" data-widget_type=\"elementskit-blog-posts.default\">\n\t\t\t\t<div class=\"elementor-widget-container\">\n\t\t\t\t\t<div class=\"ekit-wid-con\" >        <div id=\"post-items--9354ea5\" class=\"row post-items\">\n                    <div class=\"col-md-12\">\n\n                                    <div class=\"elementskit-blog-block-post\">\n                        <div class=\"row no-gutters\">\n                                                            <div class=\"col-md-6 order-2\">\n                                    <a href=\"https:\/\/gig-one.com\/fr\/the-logistical-challenges-musicians-face-how-to-transport-and-organize-your-gear-efficiently\/\" class=\"elementskit-entry-thumb\">\n                                        <img decoding=\"async\" src=\"https:\/\/gig-one.com\/wp-content\/uploads\/2023\/03\/Capture-decran-2026-04-17-161550-1024x573.png\" alt=\"The logistical challenges musicians face: how to transport and organize your gear efficiently ?\">\n                                    <\/a><!-- .elementskit-entry-thumb END -->\n                                <\/div>\n                            \n                            <div class=\"col-md-6 order-1\">\n                                <div class=\"elementskit-post-body\">\n                                    <div class=\"elementskit-entry-header\">\n                                        \n                                                                                            \t\t\t\t\t                                            \n                                            \n                                                                                            \t\t\t\t<h2 class=\"entry-title\">\n\t\t\t\t\t<a href=\"https:\/\/gig-one.com\/fr\/the-logistical-challenges-musicians-face-how-to-transport-and-organize-your-gear-efficiently\/\">\n\t\t\t\t\t\tLes d\u00e9fis logistiques des musiciens : comment transporter et organiser son mat\u00e9riel efficacement ?\t\t\t\t\t<\/a>\n\t\t\t\t<\/h2>\n\t\t\t                                                                                <\/div><!-- .elementskit-entry-header END -->\n\n                                                                            <div class=\"elementskit-post-footer\">\n                                                                                            <p>Pourquoi la logistique est essentielle ?\nOn parle souvent du jeu, du son et du mat\u00e9riel, mais beaucoup moins de la logistique du mat\u00e9riel musical. Pourtant, transporter, charger, d\u00e9charger, installer et d\u00e9monter font partie du quotidien de tous les musiciens, surtout pour ceux qui jouent r\u00e9guli\u00e8rement. Avec le temps, le mat\u00e9riel s\u2019accumule. Chaque \u00e9l\u00e9ment a son utilit\u00e9, mais une fois r\u00e9unis, cela devient rapidement difficile \u00e0 g\u00e9rer [\u2026]<\/p>\n                                                                                                                                <\/div><!-- .elementskit-post-footer END -->\n                                                                    <\/div><!-- .elementskit-post-body END -->\n                            <\/div>\n                        <\/div>\n                    <\/div><!-- .elementskit-blog-block-post .radius .gradient-bg END -->\n                \n            <\/div>\n                    <div class=\"col-md-12\">\n\n                                    <div class=\"elementskit-blog-block-post\">\n                        <div class=\"row no-gutters\">\n                                                            <div class=\"col-md-6 order-2\">\n                                    <a href=\"https:\/\/gig-one.com\/fr\/music-rack-setup-drums-piano\/\" class=\"elementskit-entry-thumb\">\n                                        <img decoding=\"async\" src=\"https:\/\/gig-one.com\/wp-content\/uploads\/2023\/03\/Capture-decran-2026-04-17-162426.png\" alt=\"Racks: advantages, limitations, and how to choose the right setup.\">\n                                    <\/a><!-- .elementskit-entry-thumb END -->\n                                <\/div>\n                            \n                            <div class=\"col-md-6 order-1\">\n                                <div class=\"elementskit-post-body\">\n                                    <div class=\"elementskit-entry-header\">\n                                        \n                                                                                            \t\t\t\t\t                                            \n                                            \n                                                                                            \t\t\t\t<h2 class=\"entry-title\">\n\t\t\t\t\t<a href=\"https:\/\/gig-one.com\/fr\/music-rack-setup-drums-piano\/\">\n\t\t\t\t\t\tRacks : avantages, limites et comment choisir la bonne solution.\t\t\t\t\t<\/a>\n\t\t\t\t<\/h2>\n\t\t\t                                                                                <\/div><!-- .elementskit-entry-header END -->\n\n                                                                            <div class=\"elementskit-post-footer\">\n                                                                                            <p>Pourquoi les racks sont largement utilis\u00e9s ?\nUn rack est couramment utilis\u00e9 par les batteurs, les percussionnistes et les clavi\u00e9ristes pour organiser leur \u00e9quipement. Il offre une structure solide, am\u00e9liore la stabilit\u00e9 et aide \u00e0 cr\u00e9er des configurations presque illimit\u00e9s. Le principal est sa fiabilit\u00e9. Une fois que tout est en place, l\u2019installation est solide [\u2026]<\/p>\n                                                                                                                                <\/div><!-- .elementskit-post-footer END -->\n                                                                    <\/div><!-- .elementskit-post-body END -->\n                            <\/div>\n                        <\/div>\n                    <\/div><!-- .elementskit-blog-block-post .radius .gradient-bg END -->\n                \n            <\/div>\n                <\/div>\n       <\/div>\t\t\t\t<\/div>\n\t\t\t\t<\/div>\n\t\t\t\t\t<\/div>\n\t\t<\/div>\n\t\t\t\t\t<\/div>\n\t\t<\/section>\n\t\t\t\t<\/div>\n\t\t\n    <div class=\"xs_social_share_widget xs_share_url after_content \t\tmain_content  wslu-style-1 wslu-share-box-shaped wslu-fill-colored wslu-none wslu-share-horizontal wslu-theme-font-no wslu-main_content\">\n\n\t\t\n        <ul>\n\t\t\t        <\/ul>\n    <\/div>","protected":false},"excerpt":{"rendered":"<p>No pain, no gain&#8230; Really ? The logistical challenges musicians face: how to transport and organize your gear efficiently ? Why logistics matters We often talk about playing, sound, and gear, but much less about music gear logistics. Yet transporting, loading, unloading, setting up, and tearing down are part of every musician\u2019s routine, especially for [&hellip;]<\/p>","protected":false},"author":1,"featured_media":0,"parent":0,"menu_order":0,"comment_status":"closed","ping_status":"closed","template":"","meta":{"postBodyCss":"","postBodyMargin":[],"postBodyPadding":[],"postBodyBackground":{"backgroundType":"classic","gradient":""},"ocean_post_layout":"","ocean_both_sidebars_style":"","ocean_both_sidebars_content_width":0,"ocean_both_sidebars_sidebars_width":0,"ocean_sidebar":"","ocean_second_sidebar":"","ocean_disable_margins":"enable","ocean_add_body_class":"","ocean_shortcode_before_top_bar":"","ocean_shortcode_after_top_bar":"","ocean_shortcode_before_header":"","ocean_shortcode_after_header":"","ocean_has_shortcode":"","ocean_shortcode_after_title":"","ocean_shortcode_before_footer_widgets":"","ocean_shortcode_after_footer_widgets":"","ocean_shortcode_before_footer_bottom":"","ocean_shortcode_after_footer_bottom":"","ocean_display_top_bar":"default","ocean_display_header":"default","ocean_header_style":"","ocean_center_header_left_menu":"","ocean_custom_header_template":"","ocean_custom_logo":0,"ocean_custom_retina_logo":0,"ocean_custom_logo_max_width":0,"ocean_custom_logo_tablet_max_width":0,"ocean_custom_logo_mobile_max_width":0,"ocean_custom_logo_max_height":0,"ocean_custom_logo_tablet_max_height":0,"ocean_custom_logo_mobile_max_height":0,"ocean_header_custom_menu":"","ocean_menu_typo_font_family":"","ocean_menu_typo_font_subset":"","ocean_menu_typo_font_size":0,"ocean_menu_typo_font_size_tablet":0,"ocean_menu_typo_font_size_mobile":0,"ocean_menu_typo_font_size_unit":"px","ocean_menu_typo_font_weight":"","ocean_menu_typo_font_weight_tablet":"","ocean_menu_typo_font_weight_mobile":"","ocean_menu_typo_transform":"","ocean_menu_typo_transform_tablet":"","ocean_menu_typo_transform_mobile":"","ocean_menu_typo_line_height":0,"ocean_menu_typo_line_height_tablet":0,"ocean_menu_typo_line_height_mobile":0,"ocean_menu_typo_line_height_unit":"","ocean_menu_typo_spacing":0,"ocean_menu_typo_spacing_tablet":0,"ocean_menu_typo_spacing_mobile":0,"ocean_menu_typo_spacing_unit":"","ocean_menu_link_color":"","ocean_menu_link_color_hover":"","ocean_menu_link_color_active":"","ocean_menu_link_background":"","ocean_menu_link_hover_background":"","ocean_menu_link_active_background":"","ocean_menu_social_links_bg":"","ocean_menu_social_hover_links_bg":"","ocean_menu_social_links_color":"","ocean_menu_social_hover_links_color":"","ocean_disable_title":"default","ocean_disable_heading":"default","ocean_post_title":"","ocean_post_subheading":"","ocean_post_title_style":"","ocean_post_title_background_color":"","ocean_post_title_background":0,"ocean_post_title_bg_image_position":"","ocean_post_title_bg_image_attachment":"","ocean_post_title_bg_image_repeat":"","ocean_post_title_bg_image_size":"","ocean_post_title_height":0,"ocean_post_title_bg_overlay":0.5,"ocean_post_title_bg_overlay_color":"","ocean_disable_breadcrumbs":"default","ocean_breadcrumbs_color":"","ocean_breadcrumbs_separator_color":"","ocean_breadcrumbs_links_color":"","ocean_breadcrumbs_links_hover_color":"","ocean_display_footer_widgets":"default","ocean_display_footer_bottom":"default","ocean_custom_footer_template":"","footnotes":""},"class_list":["post-1185","page","type-page","status-publish","hentry","entry","has-media","owp-thumbs-layout-horizontal","owp-btn-big","owp-tabs-layout-horizontal","has-no-thumbnails","has-product-nav"],"yoast_head":"<!-- This site is optimized with the Yoast SEO plugin v27.5 - https:\/\/yoast.com\/product\/yoast-seo-wordpress\/ -->\n<title>Blog - GigOne<\/title>\n<meta name=\"robots\" content=\"index, follow, max-snippet:-1, max-image-preview:large, max-video-preview:-1\" \/>\n<link rel=\"canonical\" href=\"https:\/\/gig-one.com\/fr\/blog\/\" \/>\n<meta property=\"og:locale\" content=\"fr_FR\" \/>\n<meta property=\"og:type\" content=\"article\" \/>\n<meta property=\"og:title\" content=\"Blog - GigOne\" \/>\n<meta property=\"og:description\" content=\"No pain, no gain&#8230; Really ? The logistical challenges musicians face: how to transport and organize your gear efficiently ? Why logistics matters We often talk about playing, sound, and gear, but much less about music gear logistics. Yet transporting, loading, unloading, setting up, and tearing down are part of every musician\u2019s routine, especially for [&hellip;]\" \/>\n<meta property=\"og:url\" content=\"https:\/\/gig-one.com\/fr\/blog\/\" \/>\n<meta property=\"og:site_name\" content=\"GigOne\" \/>\n<meta property=\"article:modified_time\" content=\"2026-04-17T14:51:42+00:00\" \/>\n<meta property=\"og:image\" content=\"https:\/\/gig-one.com\/wp-content\/uploads\/2023\/03\/Capture-decran-2026-04-17-161550-1024x573.png\" \/>\n<meta name=\"twitter:card\" content=\"summary_large_image\" \/>\n<meta name=\"twitter:label1\" content=\"Dur\u00e9e de lecture estim\u00e9e\" \/>\n\t<meta name=\"twitter:data1\" content=\"2 minutes\" \/>\n<script type=\"application\/ld+json\" class=\"yoast-schema-graph\">{\"@context\":\"https:\\\/\\\/schema.org\",\"@graph\":[{\"@type\":\"WebPage\",\"@id\":\"https:\\\/\\\/gig-one.com\\\/blog\\\/\",\"url\":\"https:\\\/\\\/gig-one.com\\\/blog\\\/\",\"name\":\"Blog - GigOne\",\"isPartOf\":{\"@id\":\"https:\\\/\\\/gig-one.com\\\/#website\"},\"primaryImageOfPage\":{\"@id\":\"https:\\\/\\\/gig-one.com\\\/blog\\\/#primaryimage\"},\"image\":{\"@id\":\"https:\\\/\\\/gig-one.com\\\/blog\\\/#primaryimage\"},\"thumbnailUrl\":\"https:\\\/\\\/gig-one.com\\\/wp-content\\\/uploads\\\/2023\\\/03\\\/Capture-decran-2026-04-17-161550-1024x573.png\",\"datePublished\":\"2023-03-03T09:33:38+00:00\",\"dateModified\":\"2026-04-17T14:51:42+00:00\",\"breadcrumb\":{\"@id\":\"https:\\\/\\\/gig-one.com\\\/blog\\\/#breadcrumb\"},\"inLanguage\":\"fr-FR\",\"potentialAction\":[{\"@type\":\"ReadAction\",\"target\":[\"https:\\\/\\\/gig-one.com\\\/blog\\\/\"]}]},{\"@type\":\"ImageObject\",\"inLanguage\":\"fr-FR\",\"@id\":\"https:\\\/\\\/gig-one.com\\\/blog\\\/#primaryimage\",\"url\":\"https:\\\/\\\/gig-one.com\\\/wp-content\\\/uploads\\\/2023\\\/03\\\/Capture-decran-2026-04-17-161550-1024x573.png\",\"contentUrl\":\"https:\\\/\\\/gig-one.com\\\/wp-content\\\/uploads\\\/2023\\\/03\\\/Capture-decran-2026-04-17-161550-1024x573.png\"},{\"@type\":\"BreadcrumbList\",\"@id\":\"https:\\\/\\\/gig-one.com\\\/blog\\\/#breadcrumb\",\"itemListElement\":[{\"@type\":\"ListItem\",\"position\":1,\"name\":\"Accueil\",\"item\":\"https:\\\/\\\/gig-one.com\\\/\"},{\"@type\":\"ListItem\",\"position\":2,\"name\":\"Blog\"}]},{\"@type\":\"WebSite\",\"@id\":\"https:\\\/\\\/gig-one.com\\\/#website\",\"url\":\"https:\\\/\\\/gig-one.com\\\/\",\"name\":\"GigOne\",\"description\":\"The first all-in-one product for musicians\",\"potentialAction\":[{\"@type\":\"SearchAction\",\"target\":{\"@type\":\"EntryPoint\",\"urlTemplate\":\"https:\\\/\\\/gig-one.com\\\/?s={search_term_string}\"},\"query-input\":{\"@type\":\"PropertyValueSpecification\",\"valueRequired\":true,\"valueName\":\"search_term_string\"}}],\"inLanguage\":\"fr-FR\"}]}<\/script>\n<!-- \/ Yoast SEO plugin. -->","yoast_head_json":{"title":"Blog - GigOne","robots":{"index":"index","follow":"follow","max-snippet":"max-snippet:-1","max-image-preview":"max-image-preview:large","max-video-preview":"max-video-preview:-1"},"canonical":"https:\/\/gig-one.com\/fr\/blog\/","og_locale":"fr_FR","og_type":"article","og_title":"Blog - GigOne","og_description":"No pain, no gain&#8230; Really ? The logistical challenges musicians face: how to transport and organize your gear efficiently ? Why logistics matters We often talk about playing, sound, and gear, but much less about music gear logistics. Yet transporting, loading, unloading, setting up, and tearing down are part of every musician\u2019s routine, especially for [&hellip;]","og_url":"https:\/\/gig-one.com\/fr\/blog\/","og_site_name":"GigOne","article_modified_time":"2026-04-17T14:51:42+00:00","og_image":[{"url":"https:\/\/gig-one.com\/wp-content\/uploads\/2023\/03\/Capture-decran-2026-04-17-161550-1024x573.png","type":"","width":"","height":""}],"twitter_card":"summary_large_image","twitter_misc":{"Dur\u00e9e de lecture estim\u00e9e":"2 minutes"},"schema":{"@context":"https:\/\/schema.org","@graph":[{"@type":"WebPage","@id":"https:\/\/gig-one.com\/blog\/","url":"https:\/\/gig-one.com\/blog\/","name":"Blog - GigOne","isPartOf":{"@id":"https:\/\/gig-one.com\/#website"},"primaryImageOfPage":{"@id":"https:\/\/gig-one.com\/blog\/#primaryimage"},"image":{"@id":"https:\/\/gig-one.com\/blog\/#primaryimage"},"thumbnailUrl":"https:\/\/gig-one.com\/wp-content\/uploads\/2023\/03\/Capture-decran-2026-04-17-161550-1024x573.png","datePublished":"2023-03-03T09:33:38+00:00","dateModified":"2026-04-17T14:51:42+00:00","breadcrumb":{"@id":"https:\/\/gig-one.com\/blog\/#breadcrumb"},"inLanguage":"fr-FR","potentialAction":[{"@type":"ReadAction","target":["https:\/\/gig-one.com\/blog\/"]}]},{"@type":"ImageObject","inLanguage":"fr-FR","@id":"https:\/\/gig-one.com\/blog\/#primaryimage","url":"https:\/\/gig-one.com\/wp-content\/uploads\/2023\/03\/Capture-decran-2026-04-17-161550-1024x573.png","contentUrl":"https:\/\/gig-one.com\/wp-content\/uploads\/2023\/03\/Capture-decran-2026-04-17-161550-1024x573.png"},{"@type":"BreadcrumbList","@id":"https:\/\/gig-one.com\/blog\/#breadcrumb","itemListElement":[{"@type":"ListItem","position":1,"name":"Accueil","item":"https:\/\/gig-one.com\/"},{"@type":"ListItem","position":2,"name":"Blog"}]},{"@type":"WebSite","@id":"https:\/\/gig-one.com\/#website","url":"https:\/\/gig-one.com\/","name":"GigOne","description":"The first all-in-one product for musicians","potentialAction":[{"@type":"SearchAction","target":{"@type":"EntryPoint","urlTemplate":"https:\/\/gig-one.com\/?s={search_term_string}"},"query-input":{"@type":"PropertyValueSpecification","valueRequired":true,"valueName":"search_term_string"}}],"inLanguage":"fr-FR"}]}},"_links":{"self":[{"href":"https:\/\/gig-one.com\/fr\/wp-json\/wp\/v2\/pages\/1185","targetHints":{"allow":["GET"]}}],"collection":[{"href":"https:\/\/gig-one.com\/fr\/wp-json\/wp\/v2\/pages"}],"about":[{"href":"https:\/\/gig-one.com\/fr\/wp-json\/wp\/v2\/types\/page"}],"author":[{"embeddable":true,"href":"https:\/\/gig-one.com\/fr\/wp-json\/wp\/v2\/users\/1"}],"replies":[{"embeddable":true,"href":"https:\/\/gig-one.com\/fr\/wp-json\/wp\/v2\/comments?post=1185"}],"version-history":[{"count":10,"href":"https:\/\/gig-one.com\/fr\/wp-json\/wp\/v2\/pages\/1185\/revisions"}],"predecessor-version":[{"id":1687,"href":"https:\/\/gig-one.com\/fr\/wp-json\/wp\/v2\/pages\/1185\/revisions\/1687"}],"wp:attachment":[{"href":"https:\/\/gig-one.com\/fr\/wp-json\/wp\/v2\/media?parent=1185"}],"curies":[{"name":"wp","href":"https:\/\/api.w.org\/{rel}","templated":true}]}}